{"id":7929,"date":"2022-12-08T13:23:15","date_gmt":"2022-12-08T13:23:15","guid":{"rendered":"https:\/\/rimasilac.com\/iletisim\/"},"modified":"2023-01-17T11:17:00","modified_gmt":"2023-01-17T11:17:00","slug":"contact","status":"publish","type":"page","link":"https:\/\/rimasilac.com\/en\/contact\/","title":{"rendered":"Contact"},"content":{"rendered":"<section class=\"l-section wpb_row height_medium\"><div class=\"l-section-overlay\" style=\"background:#f2f2f2\"><\/div><div class=\"l-section-h i-cf\"><div class=\"g-cols vc_row via_grid cols_1 laptops-cols_inherit tablets-cols_inherit mobiles-cols_1 valign_top type_default stacking_default\"><div class=\"wpb_column vc_column_container\"><div class=\"vc_column-inner\"><div class=\"g-cols wpb_row via_grid cols_2 laptops-cols_inherit tablets-cols_inherit mobiles-cols_1 valign_top type_default stacking_default\"><div class=\"wpb_column vc_column_container\"><div class=\"vc_column-inner\"><div class=\"w-separator size_medium\"><\/div><div class=\"w-contacts us_custom_22f5a305 us_animate_this\"><div class=\"w-contacts-list\"><div class=\"w-contacts-item for_address\"><span class=\"w-contacts-item-value\">Center Office : Cevizli Mah. Tugay Yolu Cad. 69\/C Piazza Avm N0 : 203 Maltepe\/\u0130stanbul<\/span><\/div><\/div><\/div><div class=\"w-separator size_medium\"><\/div><div class=\"w-contacts us_custom_5c79d188 us_animate_this\"><div class=\"w-contacts-list\"><div class=\"w-contacts-item for_address\"><span class=\"w-contacts-item-value\">Branch Office : Esentepe Mah. Talat Pa\u015fa Cad. No: 5\/1 34394 \u015ei\u015fli - \u0130stanbul<\/span><\/div><\/div><\/div><div class=\"w-separator size_medium\"><\/div><div class=\"w-contacts us_custom_22f5a305 us_animate_this\"><div class=\"w-contacts-list\"><div class=\"w-contacts-item for_address\"><span class=\"w-contacts-item-value\">Warehouse Address: Cevizli Mah Tugay Yolu Cad 69\/C No:203 Piazza Al\u0131\u015fveri\u015f Merkezi Maltepe\/\u0130stanbul-Mahal no 1K-A-G64<\/span><\/div><div class=\"w-contacts-item for_phone\"><span class=\"w-contacts-item-value\">0(212) 963 63 34<\/span><\/div><div class=\"w-contacts-item for_email\"><span class=\"w-contacts-item-value\"><a href=\"mailto:info@rimasilac.com\">info@rimasilac.com<\/a><\/span><\/div><\/div><\/div><\/div><\/div><div class=\"wpb_column vc_column_container\"><div class=\"vc_column-inner\"><div class=\"wpb_text_column us_custom_01f407d1\"><div class=\"wpb_wrapper\"><div class=\"wpcf7 no-js\" id=\"wpcf7-f7939-o1\" lang=\"tr-TR\" dir=\"ltr\">\n<div class=\"screen-reader-response\"><p role=\"status\" aria-live=\"polite\" aria-atomic=\"true\"><\/p> <ul><\/ul><\/div>\n<form action=\"\/en\/wp-json\/wp\/v2\/pages\/7929#wpcf7-f7939-o1\" method=\"post\" class=\"wpcf7-form init\" aria-label=\"Contact form\" novalidate=\"novalidate\" data-status=\"init\">\n<div style=\"display: none;\">\n<input type=\"hidden\" name=\"_wpcf7\" value=\"7939\" \/>\n<input type=\"hidden\" name=\"_wpcf7_version\" value=\"5.7.2\" \/>\n<input type=\"hidden\" name=\"_wpcf7_locale\" value=\"tr_TR\" \/>\n<input type=\"hidden\" name=\"_wpcf7_unit_tag\" value=\"wpcf7-f7939-o1\" \/>\n<input type=\"hidden\" name=\"_wpcf7_container_post\" value=\"0\" \/>\n<input type=\"hidden\" name=\"_wpcf7_posted_data_hash\" value=\"\" \/>\n<\/div>\n<p><label> Your Name<br \/>\n<span class=\"wpcf7-form-control-wrap\" data-name=\"your-name\"><input size=\"40\" class=\"wpcf7-form-control wpcf7-text wpcf7-validates-as-required\" aria-required=\"true\" aria-invalid=\"false\" value=\"\" type=\"text\" name=\"your-name\" \/><\/span> <\/label>\n<\/p>\n<p><label> E-mail<br \/>\n<span class=\"wpcf7-form-control-wrap\" data-name=\"your-email\"><input size=\"40\" class=\"wpcf7-form-control wpcf7-text wpcf7-email wpcf7-validates-as-required wpcf7-validates-as-email\" aria-required=\"true\" aria-invalid=\"false\" value=\"\" type=\"email\" name=\"your-email\" \/><\/span> <\/label>\n<\/p>\n<p><label> Subject<br \/>\n<span class=\"wpcf7-form-control-wrap\" data-name=\"your-subject\"><input size=\"40\" class=\"wpcf7-form-control wpcf7-text wpcf7-validates-as-required\" aria-required=\"true\" aria-invalid=\"false\" value=\"\" type=\"text\" name=\"your-subject\" \/><\/span> <\/label>\n<\/p>\n<p><label> Message<br \/>\n<span class=\"wpcf7-form-control-wrap\" data-name=\"your-message\"><textarea cols=\"40\" rows=\"10\" class=\"wpcf7-form-control wpcf7-textarea wpcf7-validates-as-required\" aria-required=\"true\" aria-invalid=\"false\" name=\"your-message\"><\/textarea><\/span> <\/label>\n<\/p>\n<p><input class=\"wpcf7-form-control has-spinner wpcf7-submit\" type=\"submit\" value=\"Send\" \/>\n<\/p><div class=\"wpcf7-response-output\" aria-hidden=\"true\"><\/div><\/form><\/div>\n<\/div><\/div><\/div><\/div><\/div><\/div><\/div><\/div><\/div><\/section>\n","protected":false},"excerpt":{"rendered":"Center Office : Cevizli Mah. Tugay Yolu Cad. 69\/C Piazza Avm N0 : 203 Maltepe\/\u0130stanbulBranch Office : Esentepe Mah. Talat Pa\u015fa Cad. No: 5\/1 34394 \u015ei\u015fli - \u0130stanbulWarehouse Address: Cevizli Mah Tugay Yolu Cad 69\/C No:203 Piazza Al\u0131\u015fveri\u015f Merkezi Maltepe\/\u0130stanbul-Mahal no 1K-A-G640(212) 963 63 34info@rimasilac.com Your Name E-mail Subject Message","protected":false},"author":1,"featured_media":0,"parent":0,"menu_order":0,"comment_status":"closed","ping_status":"closed","template":"","meta":[],"_links":{"self":[{"href":"https:\/\/rimasilac.com\/en\/wp-json\/wp\/v2\/pages\/7929"}],"collection":[{"href":"https:\/\/rimasilac.com\/en\/wp-json\/wp\/v2\/pages"}],"about":[{"href":"https:\/\/rimasilac.com\/en\/wp-json\/wp\/v2\/types\/page"}],"author":[{"embeddable":true,"href":"https:\/\/rimasilac.com\/en\/wp-json\/wp\/v2\/users\/1"}],"replies":[{"embeddable":true,"href":"https:\/\/rimasilac.com\/en\/wp-json\/wp\/v2\/comments?post=7929"}],"version-history":[{"count":4,"href":"https:\/\/rimasilac.com\/en\/wp-json\/wp\/v2\/pages\/7929\/revisions"}],"predecessor-version":[{"id":7942,"href":"https:\/\/rimasilac.com\/en\/wp-json\/wp\/v2\/pages\/7929\/revisions\/7942"}],"wp:attachment":[{"href":"https:\/\/rimasilac.com\/en\/wp-json\/wp\/v2\/media?parent=7929"}],"curies":[{"name":"wp","href":"https:\/\/api.w.org\/{rel}","templated":true}]}}