{"id":7930,"date":"2020-08-24T12:09:50","date_gmt":"2020-08-24T12:09:50","guid":{"rendered":"https:\/\/rimasilac.com\/hakkimizda\/"},"modified":"2023-01-24T00:35:24","modified_gmt":"2023-01-24T00:35:24","slug":"about-us","status":"publish","type":"page","link":"https:\/\/rimasilac.com\/en\/about-us\/","title":{"rendered":"About Us"},"content":{"rendered":"<section class=\"l-section wpb_row height_medium with_img\"><div class=\"l-section-img\" style=\"background-image: url(https:\/\/rimasilac.com\/wp-content\/uploads\/2023\/01\/group-of-businesspeople-attending-a-seminar-2022-12-16-22-46-26-utc-copy-scaled.jpg);background-repeat: no-repeat;\" data-img-width=\"2560\" data-img-height=\"1707\"><\/div><div class=\"l-section-h i-cf\"><div class=\"g-cols vc_row via_grid cols_1 laptops-cols_inherit tablets-cols_inherit mobiles-cols_1 valign_top type_default stacking_default\" style=\"grid-gap:2.5rem;\"><div class=\"wpb_column vc_column_container\"><div class=\"vc_column-inner\"><div class=\"wpb_text_column us_custom_4e110acb has_text_color\"><div class=\"wpb_wrapper\"><h3 style=\"text-align: left;\"><strong>Rimas Pharma and Health..<\/strong><\/h3>\n<\/div><\/div><div class=\"wpb_text_column us_custom_ce0036ac has_text_color\"><div class=\"wpb_wrapper\"><p>Rimas Pharma and Health was founded in 2016 by pharmacist partners to provide products and activities in the field of human health in Turkey and abroad.<\/p>\n<p>In the intervening years, by expanding its product portfolio and market share, Rimas Pharma and Health with the slogan &#8220;Beauty for Your Life, Health for Your Tomorrow&#8221;, has been providing production, marketing, retail, micro-export and export services to its external stakeholders in the fields of food supplements and dermocosmetics;<\/p>\n<p>It offers production, formulation, licensing and marketing consultancy,<br \/>\nRaw material and product supply,<br \/>\nR&amp;D and P&amp;D studies,<\/p>\n<p>&nbsp;<\/p>\n<p>Pharmacist M\u00fcr\u015fit A\u015flamac\u0131<\/p>\n<\/div><\/div><\/div><\/div><\/div><\/div><\/section><section class=\"l-section wpb_row height_medium\"><div class=\"l-section-h i-cf\"><div class=\"g-cols vc_row via_grid cols_3 laptops-cols_inherit tablets-cols_inherit mobiles-cols_1 valign_top type_default stacking_default\"><div class=\"wpb_column vc_column_container\"><div class=\"vc_column-inner\"><div class=\"w-counter us_custom_69e32a11 color_primary align_left has_font_size\" data-duration=\"2000\"><div class=\"w-counter-value\"><span class=\"w-counter-value-part type_text\" data-final=\"\"><\/span><span class=\"w-counter-value-part type_number\" data-final=\"10\">1<\/span><span class=\"w-counter-value-part type_text\" data-final=\"+\">+<\/span><\/div><div class=\"w-counter-title\" style=\"font-size:1.2rem;\">Years Experience<\/div><\/div><\/div><\/div><div class=\"wpb_column vc_column_container\"><div class=\"vc_column-inner\"><div class=\"w-counter us_custom_69e32a11 color_primary align_left has_font_size\" data-duration=\"2000\"><div class=\"w-counter-value\"><span class=\"w-counter-value-part type_text\" data-final=\"\"><\/span><span class=\"w-counter-value-part type_number\" data-final=\"50\">1<\/span><span class=\"w-counter-value-part type_text\" data-final=\"+\"><\/span><\/div><div class=\"w-counter-title\" style=\"font-size:1.2rem;\">Consultancy<\/div><\/div><\/div><\/div><div class=\"wpb_column vc_column_container\"><div class=\"vc_column-inner\"><div class=\"w-counter us_custom_69e32a11 color_primary align_left has_font_size\" data-duration=\"2000\"><div class=\"w-counter-value\"><span class=\"w-counter-value-part type_text\" data-final=\"\"><\/span><span class=\"w-counter-value-part type_number\" data-final=\"100\">1<\/span><span class=\"w-counter-value-part type_text\" data-final=\"+\"><\/span><\/div><div class=\"w-counter-title\" style=\"font-size:1.2rem;\">Seminar<\/div><\/div><\/div><\/div><\/div><\/div><\/section>\n","protected":false},"excerpt":{"rendered":"Rimas Pharma and Health.. Rimas Pharma and Health was founded in 2016 by pharmacist partners to provide products and activities in the field of human health in Turkey and abroad. In the intervening years, by expanding its product portfolio and market share, Rimas Pharma and Health with the slogan &#8220;Beauty for Your Life, Health for...","protected":false},"author":1,"featured_media":0,"parent":0,"menu_order":0,"comment_status":"closed","ping_status":"closed","template":"","meta":[],"_links":{"self":[{"href":"https:\/\/rimasilac.com\/en\/wp-json\/wp\/v2\/pages\/7930"}],"collection":[{"href":"https:\/\/rimasilac.com\/en\/wp-json\/wp\/v2\/pages"}],"about":[{"href":"https:\/\/rimasilac.com\/en\/wp-json\/wp\/v2\/types\/page"}],"author":[{"embeddable":true,"href":"https:\/\/rimasilac.com\/en\/wp-json\/wp\/v2\/users\/1"}],"replies":[{"embeddable":true,"href":"https:\/\/rimasilac.com\/en\/wp-json\/wp\/v2\/comments?post=7930"}],"version-history":[{"count":3,"href":"https:\/\/rimasilac.com\/en\/wp-json\/wp\/v2\/pages\/7930\/revisions"}],"predecessor-version":[{"id":7952,"href":"https:\/\/rimasilac.com\/en\/wp-json\/wp\/v2\/pages\/7930\/revisions\/7952"}],"wp:attachment":[{"href":"https:\/\/rimasilac.com\/en\/wp-json\/wp\/v2\/media?parent=7930"}],"curies":[{"name":"wp","href":"https:\/\/api.w.org\/{rel}","templated":true}]}}